{"id":1477,"date":"2022-11-18T09:24:55","date_gmt":"2022-11-18T08:24:55","guid":{"rendered":"https:\/\/frikisdelabici.com\/site\/?page_id=1477"},"modified":"2025-12-01T12:07:52","modified_gmt":"2025-12-01T10:07:52","slug":"inicio","status":"publish","type":"page","link":"https:\/\/frikisdelabici.com\/site\/","title":{"rendered":"\u00daltimas entradas"},"content":{"rendered":"\n<div class=\"wp-block-query is-layout-flow wp-block-query-is-layout-flow\"><ul class=\"wp-block-post-template is-layout-flow wp-block-post-template-is-layout-flow\"><li class=\"wp-block-post post-2784 post type-post status-publish format-standard has-post-thumbnail hentry category-varios\">\n<h2 style=\"font-style:normal;font-weight:900;text-decoration:none;text-transform:uppercase;\" class=\"has-link-color wp-elements-21c00c8c4c26d1035a3716275bfd3188 wp-block-post-title has-text-color has-black-color has-medium-font-size\"><a href=\"https:\/\/frikisdelabici.com\/site\/nace-en-el-prepirineo-catalan-una-nueva-ruta-de-bikepacking-entre-minas-colonias-textiles-y-montana\/\" target=\"_self\" >Nace en el Prepirineo catal\u00e1n una nueva ruta de bikepacking entre minas, colonias textiles y monta\u00f1a<\/a><\/h2>\n\n<figure class=\"alignwide wp-block-post-featured-image\"><a href=\"https:\/\/frikisdelabici.com\/site\/nace-en-el-prepirineo-catalan-una-nueva-ruta-de-bikepacking-entre-minas-colonias-textiles-y-montana\/\" target=\"_self\"  ><img decoding=\"async\" width=\"1905\" height=\"2048\" data-src=\"https:\/\/frikisdelabici.com\/site\/wp-content\/uploads\/2026\/04\/image.jpeg\" class=\"attachment-post-thumbnail size-post-thumbnail wp-post-image lazyload\" alt=\"Nace en el Prepirineo catal\u00e1n una nueva ruta de bikepacking entre minas, colonias textiles y monta\u00f1a\" style=\"--smush-placeholder-width: 1905px; --smush-placeholder-aspect-ratio: 1905\/2048;object-fit:cover;\" data-srcset=\"https:\/\/frikisdelabici.com\/site\/wp-content\/uploads\/2026\/04\/image.jpeg 1905w, https:\/\/frikisdelabici.com\/site\/wp-content\/uploads\/2026\/04\/image-279x300.jpeg 279w, https:\/\/frikisdelabici.com\/site\/wp-content\/uploads\/2026\/04\/image-953x1024.jpeg 953w, https:\/\/frikisdelabici.com\/site\/wp-content\/uploads\/2026\/04\/image-768x826.jpeg 768w, https:\/\/frikisdelabici.com\/site\/wp-content\/uploads\/2026\/04\/image-1429x1536.jpeg 1429w\" data-sizes=\"(max-width: 1905px) 100vw, 1905px\" src=\"data:image\/svg+xml;base64,PHN2ZyB3aWR0aD0iMSIgaGVpZ2h0PSIxIiB4bWxucz0iaHR0cDovL3d3dy53My5vcmcvMjAwMC9zdmciPjwvc3ZnPg==\" \/><\/a><\/figure>\n\n<div style=\"color:#5e5e5e; font-style:normal;font-weight:500;\" class=\"has-link-color wp-elements-c2e19c3dc3c64e788f0ca28b58bd1d08 wp-block-post-excerpt has-text-color has-medium-font-size\"><p class=\"wp-block-post-excerpt__excerpt\">Pedal de Fil i Carb\u00f3 propone una traves\u00eda autoguiada de 350 km y m\u00e1s de 10.000 m de desnivel positivo por algunos de los paisajes&hellip; <a class=\"wp-block-post-excerpt__more-link\" href=\"https:\/\/frikisdelabici.com\/site\/nace-en-el-prepirineo-catalan-una-nueva-ruta-de-bikepacking-entre-minas-colonias-textiles-y-montana\/\"><em>Leer m\u00e1s<\/em><\/a><\/p><\/div>\n\n\n<hr class=\"wp-block-separator has-css-opacity\"\/>\n\n\n<div class=\"wp-block-post-date\"><time datetime=\"2026-04-16T10:00:00+02:00\">abril 16, 2026<\/time><\/div>\n<\/li><li class=\"wp-block-post post-2775 post type-post status-publish format-standard has-post-thumbnail hentry category-carreras-zwift category-zwift tag-ciclismo tag-ciclismo-indoor tag-como-usar-zwift tag-rodillo tag-simulador-de-ciclismo-zwift tag-zwift tag-zwift-en-espanol\">\n<h2 style=\"font-style:normal;font-weight:900;text-decoration:none;text-transform:uppercase;\" class=\"has-link-color wp-elements-21c00c8c4c26d1035a3716275bfd3188 wp-block-post-title has-text-color has-black-color has-medium-font-size\"><a href=\"https:\/\/frikisdelabici.com\/site\/zwift-big-spin-2026-pedalea-gana-y-descubre-sorpresas-en-watopia\/\" target=\"_self\" >Zwift Big Spin 2026: pedalea, gana y descubre sorpresas en Watopia<\/a><\/h2>\n\n<figure class=\"alignwide wp-block-post-featured-image\"><a href=\"https:\/\/frikisdelabici.com\/site\/zwift-big-spin-2026-pedalea-gana-y-descubre-sorpresas-en-watopia\/\" target=\"_self\"  ><img decoding=\"async\" width=\"1200\" height=\"675\" data-src=\"https:\/\/frikisdelabici.com\/site\/wp-content\/uploads\/2026\/03\/image.png\" class=\"attachment-post-thumbnail size-post-thumbnail wp-post-image lazyload\" alt=\"Zwift Big Spin 2026: pedalea, gana y descubre sorpresas en Watopia\" style=\"--smush-placeholder-width: 1200px; --smush-placeholder-aspect-ratio: 1200\/675;object-fit:cover;\" data-srcset=\"https:\/\/frikisdelabici.com\/site\/wp-content\/uploads\/2026\/03\/image.png 1200w, https:\/\/frikisdelabici.com\/site\/wp-content\/uploads\/2026\/03\/image-300x169.png 300w, https:\/\/frikisdelabici.com\/site\/wp-content\/uploads\/2026\/03\/image-1024x576.png 1024w, https:\/\/frikisdelabici.com\/site\/wp-content\/uploads\/2026\/03\/image-768x432.png 768w\" data-sizes=\"(max-width: 1200px) 100vw, 1200px\" src=\"data:image\/svg+xml;base64,PHN2ZyB3aWR0aD0iMSIgaGVpZ2h0PSIxIiB4bWxucz0iaHR0cDovL3d3dy53My5vcmcvMjAwMC9zdmciPjwvc3ZnPg==\" \/><\/a><\/figure>\n\n<div style=\"color:#5e5e5e; font-style:normal;font-weight:500;\" class=\"has-link-color wp-elements-c2e19c3dc3c64e788f0ca28b58bd1d08 wp-block-post-excerpt has-text-color has-medium-font-size\"><p class=\"wp-block-post-excerpt__excerpt\">La plataforma global de fitness online presenta la nueva edici\u00f3n del tour: cuatro etapas y premios para todos los Zwifters 27 de febrero de 2026&hellip; <a class=\"wp-block-post-excerpt__more-link\" href=\"https:\/\/frikisdelabici.com\/site\/zwift-big-spin-2026-pedalea-gana-y-descubre-sorpresas-en-watopia\/\"><em>Leer m\u00e1s<\/em><\/a><\/p><\/div>\n\n\n<hr class=\"wp-block-separator has-css-opacity\"\/>\n\n\n<div class=\"wp-block-post-date\"><time datetime=\"2026-03-02T15:42:06+02:00\">marzo 2, 2026<\/time><\/div>\n<\/li><li class=\"wp-block-post post-2772 post type-post status-publish format-standard has-post-thumbnail hentry category-zwift tag-ciclismo tag-ciclismo-indoor tag-como-usar-zwift tag-rodillo tag-simulador-de-ciclismo-zwift tag-zwift tag-zwift-en-espanol\">\n<h2 style=\"font-style:normal;font-weight:900;text-decoration:none;text-transform:uppercase;\" class=\"has-link-color wp-elements-21c00c8c4c26d1035a3716275bfd3188 wp-block-post-title has-text-color has-black-color has-medium-font-size\"><a href=\"https:\/\/frikisdelabici.com\/site\/zwift-games-2026-regresa-con-mas-etapas-nuevas-rutas-y-un-formato-ampliado-para-toda-la-comunidad\/\" target=\"_self\" >Zwift Games 2026 regresa con m\u00e1s etapas, nuevas rutas y un formato ampliado para toda la comunidad<\/a><\/h2>\n\n<figure class=\"alignwide wp-block-post-featured-image\"><a href=\"https:\/\/frikisdelabici.com\/site\/zwift-games-2026-regresa-con-mas-etapas-nuevas-rutas-y-un-formato-ampliado-para-toda-la-comunidad\/\" target=\"_self\"  ><img decoding=\"async\" width=\"1920\" height=\"1080\" data-src=\"https:\/\/frikisdelabici.com\/site\/wp-content\/uploads\/2026\/02\/image.png\" class=\"attachment-post-thumbnail size-post-thumbnail wp-post-image lazyload\" alt=\"Zwift Games 2026 regresa con m\u00e1s etapas, nuevas rutas y un formato ampliado para toda la comunidad\" style=\"--smush-placeholder-width: 1920px; --smush-placeholder-aspect-ratio: 1920\/1080;object-fit:cover;\" data-srcset=\"https:\/\/frikisdelabici.com\/site\/wp-content\/uploads\/2026\/02\/image.png 1920w, https:\/\/frikisdelabici.com\/site\/wp-content\/uploads\/2026\/02\/image-300x169.png 300w, https:\/\/frikisdelabici.com\/site\/wp-content\/uploads\/2026\/02\/image-1024x576.png 1024w, https:\/\/frikisdelabici.com\/site\/wp-content\/uploads\/2026\/02\/image-768x432.png 768w, https:\/\/frikisdelabici.com\/site\/wp-content\/uploads\/2026\/02\/image-1536x864.png 1536w\" data-sizes=\"(max-width: 1920px) 100vw, 1920px\" src=\"data:image\/svg+xml;base64,PHN2ZyB3aWR0aD0iMSIgaGVpZ2h0PSIxIiB4bWxucz0iaHR0cDovL3d3dy53My5vcmcvMjAwMC9zdmciPjwvc3ZnPg==\" \/><\/a><\/figure>\n\n<div style=\"color:#5e5e5e; font-style:normal;font-weight:500;\" class=\"has-link-color wp-elements-c2e19c3dc3c64e788f0ca28b58bd1d08 wp-block-post-excerpt has-text-color has-medium-font-size\"><p class=\"wp-block-post-excerpt__excerpt\">La gran competici\u00f3n virtual de ciclismo se celebrar\u00e1 del 16 de febrero al 29 de marzo con siete recorridos en siete mundos, incluido un Bonus&hellip; <a class=\"wp-block-post-excerpt__more-link\" href=\"https:\/\/frikisdelabici.com\/site\/zwift-games-2026-regresa-con-mas-etapas-nuevas-rutas-y-un-formato-ampliado-para-toda-la-comunidad\/\"><em>Leer m\u00e1s<\/em><\/a><\/p><\/div>\n\n\n<hr class=\"wp-block-separator has-css-opacity\"\/>\n\n\n<div class=\"wp-block-post-date\"><time datetime=\"2026-02-16T17:48:11+02:00\">febrero 16, 2026<\/time><\/div>\n<\/li><\/ul><\/div>\n","protected":false},"excerpt":{"rendered":"","protected":false},"author":1,"featured_media":0,"parent":0,"menu_order":0,"comment_status":"closed","ping_status":"closed","template":"","meta":{"footnotes":""},"class_list":["post-1477","page","type-page","status-publish","hentry"],"yoast_head":"<!-- This site is optimized with the Yoast SEO Premium plugin v18.4 (Yoast SEO v26.7) - https:\/\/yoast.com\/wordpress\/plugins\/seo\/ -->\n<title>\u00daltimas entradas - frikisdelabici.com<\/title>\n<meta name=\"robots\" content=\"index, follow, max-snippet:-1, max-image-preview:large, max-video-preview:-1\" \/>\n<link rel=\"canonical\" href=\"https:\/\/frikisdelabici.com\/site\/\" \/>\n<meta property=\"og:locale\" content=\"es_ES\" \/>\n<meta property=\"og:type\" content=\"article\" \/>\n<meta property=\"og:title\" content=\"\u00daltimas entradas\" \/>\n<meta property=\"og:url\" content=\"https:\/\/frikisdelabici.com\/site\/\" \/>\n<meta property=\"og:site_name\" content=\"frikisdelabici.com\" \/>\n<meta property=\"article:modified_time\" content=\"2025-12-01T10:07:52+00:00\" \/>\n<meta name=\"twitter:card\" content=\"summary_large_image\" \/>\n<script type=\"application\/ld+json\" class=\"yoast-schema-graph\">{\"@context\":\"https:\/\/schema.org\",\"@graph\":[{\"@type\":\"WebPage\",\"@id\":\"https:\/\/frikisdelabici.com\/site\/\",\"url\":\"https:\/\/frikisdelabici.com\/site\/\",\"name\":\"\u00daltimas entradas - frikisdelabici.com\",\"isPartOf\":{\"@id\":\"https:\/\/frikisdelabici.com\/site\/#website\"},\"datePublished\":\"2022-11-18T08:24:55+00:00\",\"dateModified\":\"2025-12-01T10:07:52+00:00\",\"breadcrumb\":{\"@id\":\"https:\/\/frikisdelabici.com\/site\/#breadcrumb\"},\"inLanguage\":\"es\",\"potentialAction\":[{\"@type\":\"ReadAction\",\"target\":[\"https:\/\/frikisdelabici.com\/site\/\"]}]},{\"@type\":\"BreadcrumbList\",\"@id\":\"https:\/\/frikisdelabici.com\/site\/#breadcrumb\",\"itemListElement\":[{\"@type\":\"ListItem\",\"position\":1,\"name\":\"Inicio\",\"item\":\"https:\/\/frikisdelabici.com\/site\/\"},{\"@type\":\"ListItem\",\"position\":2,\"name\":\"\u00daltimas entradas\"}]},{\"@type\":\"WebSite\",\"@id\":\"https:\/\/frikisdelabici.com\/site\/#website\",\"url\":\"https:\/\/frikisdelabici.com\/site\/\",\"name\":\"frikisdelabici.com\",\"description\":\"Noticias sobre ZWIFT, art\u00edculos sobre entrenamiento, carreras... de todo lo relacionado con el ciclista m\u00e1s friki\",\"publisher\":{\"@id\":\"https:\/\/frikisdelabici.com\/site\/#\/schema\/person\/a7e0f7e0c1ecaf32b75491c779564593\"},\"potentialAction\":[{\"@type\":\"SearchAction\",\"target\":{\"@type\":\"EntryPoint\",\"urlTemplate\":\"https:\/\/frikisdelabici.com\/site\/?s={search_term_string}\"},\"query-input\":{\"@type\":\"PropertyValueSpecification\",\"valueRequired\":true,\"valueName\":\"search_term_string\"}}],\"inLanguage\":\"es\"},{\"@type\":[\"Person\",\"Organization\"],\"@id\":\"https:\/\/frikisdelabici.com\/site\/#\/schema\/person\/a7e0f7e0c1ecaf32b75491c779564593\",\"name\":\"Rub\u00e9n Fern\u00e1ndez\",\"image\":{\"@type\":\"ImageObject\",\"inLanguage\":\"es\",\"@id\":\"https:\/\/frikisdelabici.com\/site\/#\/schema\/person\/image\/\",\"url\":\"https:\/\/frikisdelabici.com\/site\/wp-content\/uploads\/2020\/03\/gran-fondo-san-sebastian-2017-4014569-48213-4286-1-scaled.jpg\",\"contentUrl\":\"https:\/\/frikisdelabici.com\/site\/wp-content\/uploads\/2020\/03\/gran-fondo-san-sebastian-2017-4014569-48213-4286-1-scaled.jpg\",\"width\":2560,\"height\":1707,\"caption\":\"Rub\u00e9n Fern\u00e1ndez\"},\"logo\":{\"@id\":\"https:\/\/frikisdelabici.com\/site\/#\/schema\/person\/image\/\"}}]}<\/script>\n<!-- \/ Yoast SEO Premium plugin. -->","yoast_head_json":{"title":"\u00daltimas entradas - frikisdelabici.com","robots":{"index":"index","follow":"follow","max-snippet":"max-snippet:-1","max-image-preview":"max-image-preview:large","max-video-preview":"max-video-preview:-1"},"canonical":"https:\/\/frikisdelabici.com\/site\/","og_locale":"es_ES","og_type":"article","og_title":"\u00daltimas entradas","og_url":"https:\/\/frikisdelabici.com\/site\/","og_site_name":"frikisdelabici.com","article_modified_time":"2025-12-01T10:07:52+00:00","twitter_card":"summary_large_image","schema":{"@context":"https:\/\/schema.org","@graph":[{"@type":"WebPage","@id":"https:\/\/frikisdelabici.com\/site\/","url":"https:\/\/frikisdelabici.com\/site\/","name":"\u00daltimas entradas - frikisdelabici.com","isPartOf":{"@id":"https:\/\/frikisdelabici.com\/site\/#website"},"datePublished":"2022-11-18T08:24:55+00:00","dateModified":"2025-12-01T10:07:52+00:00","breadcrumb":{"@id":"https:\/\/frikisdelabici.com\/site\/#breadcrumb"},"inLanguage":"es","potentialAction":[{"@type":"ReadAction","target":["https:\/\/frikisdelabici.com\/site\/"]}]},{"@type":"BreadcrumbList","@id":"https:\/\/frikisdelabici.com\/site\/#breadcrumb","itemListElement":[{"@type":"ListItem","position":1,"name":"Inicio","item":"https:\/\/frikisdelabici.com\/site\/"},{"@type":"ListItem","position":2,"name":"\u00daltimas entradas"}]},{"@type":"WebSite","@id":"https:\/\/frikisdelabici.com\/site\/#website","url":"https:\/\/frikisdelabici.com\/site\/","name":"frikisdelabici.com","description":"Noticias sobre ZWIFT, art\u00edculos sobre entrenamiento, carreras... de todo lo relacionado con el ciclista m\u00e1s friki","publisher":{"@id":"https:\/\/frikisdelabici.com\/site\/#\/schema\/person\/a7e0f7e0c1ecaf32b75491c779564593"},"potentialAction":[{"@type":"SearchAction","target":{"@type":"EntryPoint","urlTemplate":"https:\/\/frikisdelabici.com\/site\/?s={search_term_string}"},"query-input":{"@type":"PropertyValueSpecification","valueRequired":true,"valueName":"search_term_string"}}],"inLanguage":"es"},{"@type":["Person","Organization"],"@id":"https:\/\/frikisdelabici.com\/site\/#\/schema\/person\/a7e0f7e0c1ecaf32b75491c779564593","name":"Rub\u00e9n Fern\u00e1ndez","image":{"@type":"ImageObject","inLanguage":"es","@id":"https:\/\/frikisdelabici.com\/site\/#\/schema\/person\/image\/","url":"https:\/\/frikisdelabici.com\/site\/wp-content\/uploads\/2020\/03\/gran-fondo-san-sebastian-2017-4014569-48213-4286-1-scaled.jpg","contentUrl":"https:\/\/frikisdelabici.com\/site\/wp-content\/uploads\/2020\/03\/gran-fondo-san-sebastian-2017-4014569-48213-4286-1-scaled.jpg","width":2560,"height":1707,"caption":"Rub\u00e9n Fern\u00e1ndez"},"logo":{"@id":"https:\/\/frikisdelabici.com\/site\/#\/schema\/person\/image\/"}}]}},"_links":{"self":[{"href":"https:\/\/frikisdelabici.com\/site\/wp-json\/wp\/v2\/pages\/1477","targetHints":{"allow":["GET"]}}],"collection":[{"href":"https:\/\/frikisdelabici.com\/site\/wp-json\/wp\/v2\/pages"}],"about":[{"href":"https:\/\/frikisdelabici.com\/site\/wp-json\/wp\/v2\/types\/page"}],"author":[{"embeddable":true,"href":"https:\/\/frikisdelabici.com\/site\/wp-json\/wp\/v2\/users\/1"}],"replies":[{"embeddable":true,"href":"https:\/\/frikisdelabici.com\/site\/wp-json\/wp\/v2\/comments?post=1477"}],"version-history":[{"count":19,"href":"https:\/\/frikisdelabici.com\/site\/wp-json\/wp\/v2\/pages\/1477\/revisions"}],"predecessor-version":[{"id":2750,"href":"https:\/\/frikisdelabici.com\/site\/wp-json\/wp\/v2\/pages\/1477\/revisions\/2750"}],"wp:attachment":[{"href":"https:\/\/frikisdelabici.com\/site\/wp-json\/wp\/v2\/media?parent=1477"}],"curies":[{"name":"wp","href":"https:\/\/api.w.org\/{rel}","templated":true}]}}